{"id":7,"date":"2018-09-19T09:36:25","date_gmt":"2018-09-19T08:36:25","guid":{"rendered":"https:\/\/batimedialive.wordpress.com\/?page_id=2"},"modified":"2022-04-24T12:44:26","modified_gmt":"2022-04-24T10:44:26","slug":"a-propos","status":"publish","type":"page","link":"https:\/\/batimedianews.com\/live\/index.php\/a-propos\/","title":{"rendered":"\u00c0 propos"},"content":{"rendered":"<p><a href=\"http:\/\/www.batimedianews.com\/\">Batim\u00e9dia<\/a>\u00a0 est un des pr\u00e9curseurs ( depuis 1995 ) dans le domaine de la communication aupr\u00e8s des acteurs du b\u00e2timent ( prescription et entreprises) .<\/p>\n<ul>\n<li>La strat\u00e9gie r\u00e9dactionnelle de Batim\u00e9dia , reste dans la ligne historique de notre entreprise. Ce sont les industriels qui s\u2019adressent directement \u00e0 nos cibles, avec leurs mots et leur pr\u00e9sentation.<\/li>\n<li>Cela r\u00e9pond aux besoins d\u2019information techniques de nos abonn\u00e9s et permet aux annonceurs de disposer d\u2019un outil de communication incontournable pour assurer une information technique d\u00e9taill\u00e9e sur leurs produits, leurs logiciels ou leurs services.<\/li>\n<li>Il faut savoir que les supports Batim\u00e9dia sont ouverts aux r\u00e9dactionnels des entreprises qui ont quelque chose d&rsquo;int\u00e9ressant \u00e0 dire et que la plupart de nos support sont sans publicit\u00e9.<\/li>\n<\/ul>\n<p><strong>Il s&rsquo;agit d&rsquo;un dispositif de communication qui regroupe<\/strong> :<br \/>\nLe <strong>portail d&rsquo;information produits<\/strong> et de <strong>news<\/strong> : <a href=\"http:\/\/batimedianews.com\">BatimediaNews.com<\/a><br \/>\n<img loading=\"lazy\" class=\"alignnone wp-image-19305 \" src=\"https:\/\/i1.wp.com\/batimedianews.com\/live\/wp-content\/uploads\/2022\/04\/batimedianews_logo.jpg?resize=439%2C155\" alt=\"\" width=\"439\" height=\"155\" srcset=\"https:\/\/i1.wp.com\/batimedianews.com\/live\/wp-content\/uploads\/2022\/04\/batimedianews_logo.jpg?resize=600%2C212&amp;ssl=1 600w, https:\/\/i1.wp.com\/batimedianews.com\/live\/wp-content\/uploads\/2022\/04\/batimedianews_logo.jpg?resize=1024%2C361&amp;ssl=1 1024w, https:\/\/i1.wp.com\/batimedianews.com\/live\/wp-content\/uploads\/2022\/04\/batimedianews_logo.jpg?resize=768%2C271&amp;ssl=1 768w, https:\/\/i1.wp.com\/batimedianews.com\/live\/wp-content\/uploads\/2022\/04\/batimedianews_logo.jpg?resize=10%2C4&amp;ssl=1 10w, https:\/\/i1.wp.com\/batimedianews.com\/live\/wp-content\/uploads\/2022\/04\/batimedianews_logo.jpg?resize=432%2C152&amp;ssl=1 432w, https:\/\/i1.wp.com\/batimedianews.com\/live\/wp-content\/uploads\/2022\/04\/batimedianews_logo.jpg?resize=396%2C140&amp;ssl=1 396w, https:\/\/i1.wp.com\/batimedianews.com\/live\/wp-content\/uploads\/2022\/04\/batimedianews_logo.jpg?resize=660%2C233&amp;ssl=1 660w, https:\/\/i1.wp.com\/batimedianews.com\/live\/wp-content\/uploads\/2022\/04\/batimedianews_logo.jpg?resize=624%2C220&amp;ssl=1 624w, https:\/\/i1.wp.com\/batimedianews.com\/live\/wp-content\/uploads\/2022\/04\/batimedianews_logo.jpg?w=1080&amp;ssl=1 1080w\" sizes=\"(max-width: 600px) 91vw, (max-width: 900px) 600px, (max-width: 1060px) 50vw, (max-width: 1200px) 520px, (max-width: 1400px) 43vw, 600px\" data-recalc-dims=\"1\" \/><br \/>\nUne revue<strong> de presse quotidienne<\/strong> diffus\u00e9e \u00e0 plus de 150 000 (prescripteurs, collectivit\u00e9s locales, installateurs etc.)<br \/>\n<img loading=\"lazy\" class=\"alignnone wp-image-19306 \" src=\"https:\/\/i0.wp.com\/batimedianews.com\/live\/wp-content\/uploads\/2022\/04\/revue.jpg?resize=356%2C159\" alt=\"\" width=\"356\" height=\"159\" srcset=\"https:\/\/i0.wp.com\/batimedianews.com\/live\/wp-content\/uploads\/2022\/04\/revue.jpg?resize=600%2C268&amp;ssl=1 600w, https:\/\/i0.wp.com\/batimedianews.com\/live\/wp-content\/uploads\/2022\/04\/revue.jpg?resize=768%2C342&amp;ssl=1 768w, https:\/\/i0.wp.com\/batimedianews.com\/live\/wp-content\/uploads\/2022\/04\/revue.jpg?resize=10%2C4&amp;ssl=1 10w, https:\/\/i0.wp.com\/batimedianews.com\/live\/wp-content\/uploads\/2022\/04\/revue.jpg?resize=432%2C193&amp;ssl=1 432w, https:\/\/i0.wp.com\/batimedianews.com\/live\/wp-content\/uploads\/2022\/04\/revue.jpg?resize=396%2C177&amp;ssl=1 396w, https:\/\/i0.wp.com\/batimedianews.com\/live\/wp-content\/uploads\/2022\/04\/revue.jpg?resize=660%2C294&amp;ssl=1 660w, https:\/\/i0.wp.com\/batimedianews.com\/live\/wp-content\/uploads\/2022\/04\/revue.jpg?resize=493%2C220&amp;ssl=1 493w, https:\/\/i0.wp.com\/batimedianews.com\/live\/wp-content\/uploads\/2022\/04\/revue.jpg?w=897&amp;ssl=1 897w\" sizes=\"(max-width: 600px) 91vw, (max-width: 900px) 600px, (max-width: 1060px) 50vw, (max-width: 1200px) 520px, (max-width: 1400px) 43vw, 600px\" data-recalc-dims=\"1\" \/><br \/>\nDes <strong>Enews hebdomadaires cibl\u00e9es<\/strong> avec la possibilit\u00e9 d&rsquo;encarts publicitaires et entreprises \u00e0 la Une ( mardi et jeudi )<\/p>\n<div class=\"tiled-gallery type-rectangular tiled-gallery-unresized\" data-original-width=\"720\" data-carousel-extra='null' itemscope itemtype=\"http:\/\/schema.org\/ImageGallery\" > <div class=\"gallery-row\" style=\"width: 720px; height: 318px;\" data-original-width=\"720\" data-original-height=\"318\" > <div class=\"gallery-group images-1\" style=\"width: 720px; height: 318px;\" data-original-width=\"720\" data-original-height=\"318\" > <div class=\"tiled-gallery-item tiled-gallery-item-large\" itemprop=\"associatedMedia\" itemscope itemtype=\"http:\/\/schema.org\/ImageObject\"> <a href=\"https:\/\/i1.wp.com\/batimedianews.com\/live\/wp-content\/uploads\/2022\/04\/enews_prescripteurs.jpg?ssl=1\" border=\"0\" itemprop=\"url\"> <meta itemprop=\"width\" content=\"716\"> <meta itemprop=\"height\" content=\"314\"> <img data-attachment-id=\"19309\" data-orig-file=\"https:\/\/batimedianews.com\/live\/wp-content\/uploads\/2022\/04\/enews_prescripteurs.jpg\" data-orig-size=\"889,390\" data-comments-opened=\"1\" data-image-meta=\"{&quot;aperture&quot;:&quot;0&quot;,&quot;credit&quot;:&quot;Michel Soufir&quot;,&quot;camera&quot;:&quot;&quot;,&quot;caption&quot;:&quot;&quot;,&quot;created_timestamp&quot;:&quot;1604831277&quot;,&quot;copyright&quot;:&quot;&quot;,&quot;focal_length&quot;:&quot;0&quot;,&quot;iso&quot;:&quot;0&quot;,&quot;shutter_speed&quot;:&quot;0&quot;,&quot;title&quot;:&quot;&quot;,&quot;orientation&quot;:&quot;0&quot;}\" data-image-title=\"enews_prescripteurs\" data-image-description=\"\" data-medium-file=\"https:\/\/i1.wp.com\/batimedianews.com\/live\/wp-content\/uploads\/2022\/04\/enews_prescripteurs.jpg?fit=600%2C263&#038;ssl=1\" data-large-file=\"https:\/\/i1.wp.com\/batimedianews.com\/live\/wp-content\/uploads\/2022\/04\/enews_prescripteurs.jpg?fit=390%2C390&#038;ssl=1\" src=\"https:\/\/i1.wp.com\/batimedianews.com\/live\/wp-content\/uploads\/2022\/04\/enews_prescripteurs.jpg?w=716&#038;h=314&#038;ssl=1\" width=\"716\" height=\"314\" data-original-width=\"716\" data-original-height=\"314\" itemprop=\"http:\/\/schema.org\/image\" title=\"enews_prescripteurs\" alt=\"enews_prescripteurs\" style=\"width: 716px; height: 314px;\" \/> <\/a> <\/div> <\/div> <!-- close group --> <\/div> <!-- close row --> <div class=\"gallery-row\" style=\"width: 720px; height: 155px;\" data-original-width=\"720\" data-original-height=\"155\" > <div class=\"gallery-group images-1\" style=\"width: 363px; height: 155px;\" data-original-width=\"363\" data-original-height=\"155\" > <div class=\"tiled-gallery-item tiled-gallery-item-large\" itemprop=\"associatedMedia\" itemscope itemtype=\"http:\/\/schema.org\/ImageObject\"> <a href=\"https:\/\/i2.wp.com\/batimedianews.com\/live\/wp-content\/uploads\/2022\/04\/enews_entreprises.jpg?ssl=1\" border=\"0\" itemprop=\"url\"> <meta itemprop=\"width\" content=\"359\"> <meta itemprop=\"height\" content=\"151\"> <img data-attachment-id=\"19308\" data-orig-file=\"https:\/\/batimedianews.com\/live\/wp-content\/uploads\/2022\/04\/enews_entreprises.jpg\" data-orig-size=\"882,371\" data-comments-opened=\"1\" data-image-meta=\"{&quot;aperture&quot;:&quot;0&quot;,&quot;credit&quot;:&quot;Michel Soufir&quot;,&quot;camera&quot;:&quot;&quot;,&quot;caption&quot;:&quot;&quot;,&quot;created_timestamp&quot;:&quot;1604831312&quot;,&quot;copyright&quot;:&quot;&quot;,&quot;focal_length&quot;:&quot;0&quot;,&quot;iso&quot;:&quot;0&quot;,&quot;shutter_speed&quot;:&quot;0&quot;,&quot;title&quot;:&quot;&quot;,&quot;orientation&quot;:&quot;0&quot;}\" data-image-title=\"enews_entreprises\" data-image-description=\"\" data-medium-file=\"https:\/\/i2.wp.com\/batimedianews.com\/live\/wp-content\/uploads\/2022\/04\/enews_entreprises.jpg?fit=600%2C252&#038;ssl=1\" data-large-file=\"https:\/\/i2.wp.com\/batimedianews.com\/live\/wp-content\/uploads\/2022\/04\/enews_entreprises.jpg?fit=371%2C371&#038;ssl=1\" src=\"https:\/\/i2.wp.com\/batimedianews.com\/live\/wp-content\/uploads\/2022\/04\/enews_entreprises.jpg?w=359&#038;h=151&#038;ssl=1\" width=\"359\" height=\"151\" data-original-width=\"359\" data-original-height=\"151\" itemprop=\"http:\/\/schema.org\/image\" title=\"enews_entreprises\" alt=\"enews_entreprises\" style=\"width: 359px; height: 151px;\" \/> <\/a> <\/div> <\/div> <!-- close group --> <div class=\"gallery-group images-1\" style=\"width: 357px; height: 155px;\" data-original-width=\"357\" data-original-height=\"155\" > <div class=\"tiled-gallery-item tiled-gallery-item-large\" itemprop=\"associatedMedia\" itemscope itemtype=\"http:\/\/schema.org\/ImageObject\"> <a href=\"https:\/\/i2.wp.com\/batimedianews.com\/live\/wp-content\/uploads\/2022\/04\/enews_accessibilite.jpg?ssl=1\" border=\"0\" itemprop=\"url\"> <meta itemprop=\"width\" content=\"353\"> <meta itemprop=\"height\" content=\"151\"> <img data-attachment-id=\"19307\" data-orig-file=\"https:\/\/batimedianews.com\/live\/wp-content\/uploads\/2022\/04\/enews_accessibilite.jpg\" data-orig-size=\"881,377\" data-comments-opened=\"1\" data-image-meta=\"{&quot;aperture&quot;:&quot;0&quot;,&quot;credit&quot;:&quot;Michel Soufir&quot;,&quot;camera&quot;:&quot;&quot;,&quot;caption&quot;:&quot;&quot;,&quot;created_timestamp&quot;:&quot;1604831338&quot;,&quot;copyright&quot;:&quot;&quot;,&quot;focal_length&quot;:&quot;0&quot;,&quot;iso&quot;:&quot;0&quot;,&quot;shutter_speed&quot;:&quot;0&quot;,&quot;title&quot;:&quot;&quot;,&quot;orientation&quot;:&quot;0&quot;}\" data-image-title=\"enews_accessibilit\u00e9\" data-image-description=\"\" data-medium-file=\"https:\/\/i2.wp.com\/batimedianews.com\/live\/wp-content\/uploads\/2022\/04\/enews_accessibilite.jpg?fit=600%2C257&#038;ssl=1\" data-large-file=\"https:\/\/i2.wp.com\/batimedianews.com\/live\/wp-content\/uploads\/2022\/04\/enews_accessibilite.jpg?fit=377%2C377&#038;ssl=1\" src=\"https:\/\/i2.wp.com\/batimedianews.com\/live\/wp-content\/uploads\/2022\/04\/enews_accessibilite.jpg?w=353&#038;h=151&#038;ssl=1\" width=\"353\" height=\"151\" data-original-width=\"353\" data-original-height=\"151\" itemprop=\"http:\/\/schema.org\/image\" title=\"enews_accessibilit\u00e9\" alt=\"enews_accessibilit\u00e9\" style=\"width: 353px; height: 151px;\" \/> <\/a> <\/div> <\/div> <!-- close group --> <\/div> <!-- close row --> <\/div>\n<p>Une Enews Hebdomadaire, <strong>l&rsquo;armoire \u00e0 Docs<\/strong> qui met en avant vos documentations produits<br \/>\n<img loading=\"lazy\" class=\"alignnone wp-image-19310 \" src=\"https:\/\/i1.wp.com\/batimedianews.com\/live\/wp-content\/uploads\/2022\/04\/aad.jpg?resize=391%2C176\" alt=\"\" width=\"391\" height=\"176\" srcset=\"https:\/\/i1.wp.com\/batimedianews.com\/live\/wp-content\/uploads\/2022\/04\/aad.jpg?resize=600%2C270&amp;ssl=1 600w, https:\/\/i1.wp.com\/batimedianews.com\/live\/wp-content\/uploads\/2022\/04\/aad.jpg?resize=768%2C346&amp;ssl=1 768w, https:\/\/i1.wp.com\/batimedianews.com\/live\/wp-content\/uploads\/2022\/04\/aad.jpg?resize=10%2C5&amp;ssl=1 10w, https:\/\/i1.wp.com\/batimedianews.com\/live\/wp-content\/uploads\/2022\/04\/aad.jpg?resize=432%2C195&amp;ssl=1 432w, https:\/\/i1.wp.com\/batimedianews.com\/live\/wp-content\/uploads\/2022\/04\/aad.jpg?resize=396%2C178&amp;ssl=1 396w, https:\/\/i1.wp.com\/batimedianews.com\/live\/wp-content\/uploads\/2022\/04\/aad.jpg?resize=660%2C297&amp;ssl=1 660w, https:\/\/i1.wp.com\/batimedianews.com\/live\/wp-content\/uploads\/2022\/04\/aad.jpg?resize=489%2C220&amp;ssl=1 489w, https:\/\/i1.wp.com\/batimedianews.com\/live\/wp-content\/uploads\/2022\/04\/aad.jpg?w=946&amp;ssl=1 946w\" sizes=\"(max-width: 600px) 91vw, (max-width: 900px) 600px, (max-width: 1060px) 50vw, (max-width: 1200px) 520px, (max-width: 1400px) 43vw, 600px\" data-recalc-dims=\"1\" \/><\/p>\n<h2 style=\"font-weight: 400;\"><strong>Nos webmags<\/strong><\/h2>\n<p style=\"font-weight: 400;\"><strong>Le Batim\u00e9dia des prescripteurs (40 000 abonn\u00e9s) &#8211; Emag Mensuel<\/strong><img loading=\"lazy\" class=\"alignnone wp-image-19311 \" src=\"https:\/\/i2.wp.com\/batimedianews.com\/live\/wp-content\/uploads\/2022\/04\/BMP.jpg?resize=328%2C142\" alt=\"\" width=\"328\" height=\"142\" srcset=\"https:\/\/i2.wp.com\/batimedianews.com\/live\/wp-content\/uploads\/2022\/04\/BMP.jpg?resize=600%2C260&amp;ssl=1 600w, https:\/\/i2.wp.com\/batimedianews.com\/live\/wp-content\/uploads\/2022\/04\/BMP.jpg?resize=768%2C333&amp;ssl=1 768w, https:\/\/i2.wp.com\/batimedianews.com\/live\/wp-content\/uploads\/2022\/04\/BMP.jpg?resize=10%2C4&amp;ssl=1 10w, https:\/\/i2.wp.com\/batimedianews.com\/live\/wp-content\/uploads\/2022\/04\/BMP.jpg?resize=432%2C187&amp;ssl=1 432w, https:\/\/i2.wp.com\/batimedianews.com\/live\/wp-content\/uploads\/2022\/04\/BMP.jpg?resize=396%2C172&amp;ssl=1 396w, https:\/\/i2.wp.com\/batimedianews.com\/live\/wp-content\/uploads\/2022\/04\/BMP.jpg?resize=660%2C286&amp;ssl=1 660w, https:\/\/i2.wp.com\/batimedianews.com\/live\/wp-content\/uploads\/2022\/04\/BMP.jpg?resize=507%2C220&amp;ssl=1 507w, https:\/\/i2.wp.com\/batimedianews.com\/live\/wp-content\/uploads\/2022\/04\/BMP.jpg?w=947&amp;ssl=1 947w\" sizes=\"(max-width: 600px) 91vw, (max-width: 900px) 600px, (max-width: 1060px) 50vw, (max-width: 1200px) 520px, (max-width: 1400px) 43vw, 600px\" data-recalc-dims=\"1\" \/><\/p>\n<ol style=\"font-weight: 400;\">\n<li>Prescripteurs :\u00a0Architectes,\u00a0Architectes d\u2019Int\u00e9rieur,\u00a0Bureaux d\u2019Etudes Technique,\u00a0Economistes de la Construction<\/li>\n<li>Collectivit\u00e9s et Ma\u00eetres d\u2019ouvrages :\u00a0Mairies,\u00a0Communaut\u00e9s de Communes,\u00a0Offices HLM,<\/li>\n<li>CMI et promoteurs : Construction de Maisons individuelles ,Promoteurs ,<\/li>\n<\/ol>\n<p style=\"font-weight: 400;\"><strong>Le Batim\u00e9dia des Installateurs (110 000 abonn\u00e9s)- Emag Mensuel<\/strong><\/p>\n<p><img loading=\"lazy\" class=\"alignnone wp-image-19312 \" src=\"https:\/\/i1.wp.com\/batimedianews.com\/live\/wp-content\/uploads\/2022\/04\/BMI.jpg?resize=359%2C159\" alt=\"\" width=\"359\" height=\"159\" srcset=\"https:\/\/i1.wp.com\/batimedianews.com\/live\/wp-content\/uploads\/2022\/04\/BMI.jpg?resize=600%2C266&amp;ssl=1 600w, https:\/\/i1.wp.com\/batimedianews.com\/live\/wp-content\/uploads\/2022\/04\/BMI.jpg?resize=768%2C341&amp;ssl=1 768w, https:\/\/i1.wp.com\/batimedianews.com\/live\/wp-content\/uploads\/2022\/04\/BMI.jpg?resize=10%2C4&amp;ssl=1 10w, https:\/\/i1.wp.com\/batimedianews.com\/live\/wp-content\/uploads\/2022\/04\/BMI.jpg?resize=432%2C192&amp;ssl=1 432w, https:\/\/i1.wp.com\/batimedianews.com\/live\/wp-content\/uploads\/2022\/04\/BMI.jpg?resize=396%2C176&amp;ssl=1 396w, https:\/\/i1.wp.com\/batimedianews.com\/live\/wp-content\/uploads\/2022\/04\/BMI.jpg?resize=660%2C293&amp;ssl=1 660w, https:\/\/i1.wp.com\/batimedianews.com\/live\/wp-content\/uploads\/2022\/04\/BMI.jpg?resize=496%2C220&amp;ssl=1 496w, https:\/\/i1.wp.com\/batimedianews.com\/live\/wp-content\/uploads\/2022\/04\/BMI.jpg?w=944&amp;ssl=1 944w\" sizes=\"(max-width: 600px) 91vw, (max-width: 900px) 600px, (max-width: 1060px) 50vw, (max-width: 1200px) 520px, (max-width: 1400px) 43vw, 600px\" data-recalc-dims=\"1\" \/><\/p>\n<p style=\"font-weight: 400;\">Couvreurs -Plombiers Chauffagistes -Ventilation Climatisation -Charpentiers,-Menuisiers -Electriciens -Ma\u00e7ons-Carreleurs &#8211; Plaquistes- Isolation-\u00a0Peintres -Vitriers -Serruriers<\/p>\n<p style=\"font-weight: 400;\"><strong>Et le Batim\u00e9d<\/strong><strong>ia de l&rsquo;accessibilit\u00e9 Universelle (150 000 abonn\u00e9s, incluant notamment\u00a0des ERP)- Emag Semestriel<\/strong><\/p>\n<p><img loading=\"lazy\" class=\"alignnone wp-image-19313 \" src=\"https:\/\/i2.wp.com\/batimedianews.com\/live\/wp-content\/uploads\/2022\/04\/BMA.jpg?resize=342%2C156\" alt=\"\" width=\"342\" height=\"156\" srcset=\"https:\/\/i2.wp.com\/batimedianews.com\/live\/wp-content\/uploads\/2022\/04\/BMA.jpg?resize=600%2C274&amp;ssl=1 600w, https:\/\/i2.wp.com\/batimedianews.com\/live\/wp-content\/uploads\/2022\/04\/BMA.jpg?resize=768%2C351&amp;ssl=1 768w, https:\/\/i2.wp.com\/batimedianews.com\/live\/wp-content\/uploads\/2022\/04\/BMA.jpg?resize=10%2C5&amp;ssl=1 10w, https:\/\/i2.wp.com\/batimedianews.com\/live\/wp-content\/uploads\/2022\/04\/BMA.jpg?resize=432%2C198&amp;ssl=1 432w, https:\/\/i2.wp.com\/batimedianews.com\/live\/wp-content\/uploads\/2022\/04\/BMA.jpg?resize=396%2C181&amp;ssl=1 396w, https:\/\/i2.wp.com\/batimedianews.com\/live\/wp-content\/uploads\/2022\/04\/BMA.jpg?resize=660%2C302&amp;ssl=1 660w, https:\/\/i2.wp.com\/batimedianews.com\/live\/wp-content\/uploads\/2022\/04\/BMA.jpg?resize=481%2C220&amp;ssl=1 481w, https:\/\/i2.wp.com\/batimedianews.com\/live\/wp-content\/uploads\/2022\/04\/BMA.jpg?w=947&amp;ssl=1 947w\" sizes=\"(max-width: 600px) 91vw, (max-width: 900px) 600px, (max-width: 1060px) 50vw, (max-width: 1200px) 520px, (max-width: 1400px) 43vw, 600px\" data-recalc-dims=\"1\" \/><\/p>\n","protected":false},"excerpt":{"rendered":"<p>Pr\u00e9sentation de Batim\u00e9dia <\/p>\n","protected":false},"author":2,"featured_media":0,"parent":0,"menu_order":1,"comment_status":"closed","ping_status":"closed","template":"","meta":{"spay_email":""},"jetpack_sharing_enabled":true,"jetpack_likes_enabled":true,"jetpack-related-posts":[{"id":3,"url":"https:\/\/batimedianews.com\/live\/index.php\/politique-de-confidentialite\/","url_meta":{"origin":7,"position":0},"title":"Politique de confidentialit\u00e9","date":"17 ao\u00fbt 2019","format":false,"excerpt":"Qui sommes-nous\u00a0? L\u2019adresse de notre site Web est\u00a0: http:\/\/batimedianews.com\/live. Utilisation des donn\u00e9es personnelles collect\u00e9es Commentaires Quand vous laissez un commentaire sur notre site web, les donn\u00e9es inscrites dans le formulaire de commentaire, mais aussi votre adresse IP et l\u2019agent utilisateur de votre navigateur sont collect\u00e9s pour nous aider \u00e0 la\u2026","rel":"","context":"Article similaire","img":{"alt_text":"","src":"","width":0,"height":0},"classes":[]},{"id":8,"url":"https:\/\/batimedianews.com\/live\/index.php\/contact\/","url_meta":{"origin":7,"position":1},"title":"Contact","date":"19 septembre 2018","format":false,"excerpt":"Ceci est une page de coordonn\u00e9es comportant quelques informations de base et un formulaire de contact.","rel":"","context":"Article similaire","img":{"alt_text":"","src":"","width":0,"height":0},"classes":[]},{"id":2,"url":"https:\/\/batimedianews.com\/live\/index.php\/page-d-exemple\/","url_meta":{"origin":7,"position":2},"title":"Page d\u2019exemple","date":"17 ao\u00fbt 2019","format":false,"excerpt":"Ceci est une page d\u2019exemple. C\u2019est diff\u00e9rent d\u2019un article de blog parce qu\u2019elle restera au m\u00eame endroit et appara\u00eetra dans la navigation de votre site (dans la plupart des th\u00e8mes). La plupart des gens commencent par une page \u00ab\u00a0\u00c0 propos\u00a0\u00bb qui les pr\u00e9sente aux visiteurs du site. Cela pourrait ressembler\u2026","rel":"","context":"Article similaire","img":{"alt_text":"","src":"","width":0,"height":0},"classes":[]}],"_links":{"self":[{"href":"https:\/\/batimedianews.com\/live\/index.php\/wp-json\/wp\/v2\/pages\/7"}],"collection":[{"href":"https:\/\/batimedianews.com\/live\/index.php\/wp-json\/wp\/v2\/pages"}],"about":[{"href":"https:\/\/batimedianews.com\/live\/index.php\/wp-json\/wp\/v2\/types\/page"}],"author":[{"embeddable":true,"href":"https:\/\/batimedianews.com\/live\/index.php\/wp-json\/wp\/v2\/users\/2"}],"replies":[{"embeddable":true,"href":"https:\/\/batimedianews.com\/live\/index.php\/wp-json\/wp\/v2\/comments?post=7"}],"version-history":[{"count":3,"href":"https:\/\/batimedianews.com\/live\/index.php\/wp-json\/wp\/v2\/pages\/7\/revisions"}],"predecessor-version":[{"id":19316,"href":"https:\/\/batimedianews.com\/live\/index.php\/wp-json\/wp\/v2\/pages\/7\/revisions\/19316"}],"wp:attachment":[{"href":"https:\/\/batimedianews.com\/live\/index.php\/wp-json\/wp\/v2\/media?parent=7"}],"curies":[{"name":"wp","href":"https:\/\/api.w.org\/{rel}","templated":true}]}}